{"id":1226,"date":"2025-05-31T23:39:04","date_gmt":"2025-05-31T23:39:04","guid":{"rendered":"https:\/\/vocepodecom.com\/contact\/"},"modified":"2025-06-23T12:54:50","modified_gmt":"2025-06-23T12:54:50","slug":"contact","status":"publish","type":"page","link":"https:\/\/vocepodecom.com\/?page_id=1226","title":{"rendered":"Contato"},"content":{"rendered":"\n<p><\/p>\n\n\n\n<div class=\"wp-block-uagb-image uagb-block-7c2bfae1 wp-block-uagb-image--layout-default wp-block-uagb-image--effect-static wp-block-uagb-image--align-none\"><figure class=\"wp-block-uagb-image__figure\"><img decoding=\"async\" srcset=\"https:\/\/vocepodecom.com\/wp-content\/uploads\/2025\/06\/Contatos.png ,https:\/\/vocepodecom.com\/wp-content\/uploads\/2025\/06\/Contatos.png 780w, https:\/\/vocepodecom.com\/wp-content\/uploads\/2025\/06\/Contatos.png 360w\" sizes=\"auto, (max-width: 480px) 150px\" src=\"https:\/\/vocepodecom.com\/wp-content\/uploads\/2025\/06\/Contatos.png\" alt=\"\" class=\"uag-image-3350\" width=\"1000\" height=\"400\" title=\"Contatos\" loading=\"lazy\" role=\"img\"\/><\/figure><\/div>\n\n\n\n<p>Para nos contatar e tirar d\u00favidas, \u00e9 muito simples. Pode ser por e-mail, inscrevendo-se em nosso site para receber novidades, conforme op\u00e7\u00e3o que aparece na aba lateral, se estiver vendo pelo computados, ou talvez abaixo ou em outro espa\u00e7o, se estiver vendo pelo celular ou tablet.<\/p>\n\n\n\n<p><\/p>\n\n\n\n<p>Quer algo mais f\u00e1cil e r\u00e1pido? Por favor, mande-nos uma mensagem de WhatsApp! Basta <strong><a href=\"https:\/\/wa.me\/5583999960161\" target=\"_blank\" rel=\"noopener\" title=\"\">clicar AQUI.<\/a><\/strong><\/p>\n\n\n\n<div class=\"wp-block-uagb-container uagb-block-0868d36e alignfull uagb-is-root-container\"><\/div>\n\n\n\n<div class=\"wp-block-uagb-container uagb-block-6adcaf6f alignfull uagb-is-root-container\"><div class=\"uagb-container-inner-blocks-wrap\"><\/div><\/div>\n\n\n\n<p><\/p>\n","protected":false},"excerpt":{"rendered":"<p>Para nos contatar e tirar d\u00favidas, \u00e9 muito simples. Pode ser por e-mail, inscrevendo-se em nosso site para receber novidades,<\/p>\n","protected":false},"author":1,"featured_media":0,"parent":0,"menu_order":0,"comment_status":"closed","ping_status":"closed","template":"","meta":{"_uag_custom_page_level_css":"","footnotes":""},"class_list":["post-1226","page","type-page","status-publish","hentry","comments-off"],"aioseo_notices":[],"uagb_featured_image_src":{"full":false,"thumbnail":false,"medium":false,"medium_large":false,"large":false,"1536x1536":false,"2048x2048":false,"post-thumbnail":false,"donovan-list-post":false},"uagb_author_info":{"display_name":"elzirbarbosa@gmail.com","author_link":"https:\/\/vocepodecom.com\/?author=1"},"uagb_comment_info":0,"uagb_excerpt":"Para nos contatar e tirar d\u00favidas, \u00e9 muito simples. Pode ser por e-mail, inscrevendo-se em nosso site para receber novidades,","_links":{"self":[{"href":"https:\/\/vocepodecom.com\/index.php?rest_route=\/wp\/v2\/pages\/1226","targetHints":{"allow":["GET"]}}],"collection":[{"href":"https:\/\/vocepodecom.com\/index.php?rest_route=\/wp\/v2\/pages"}],"about":[{"href":"https:\/\/vocepodecom.com\/index.php?rest_route=\/wp\/v2\/types\/page"}],"author":[{"embeddable":true,"href":"https:\/\/vocepodecom.com\/index.php?rest_route=\/wp\/v2\/users\/1"}],"replies":[{"embeddable":true,"href":"https:\/\/vocepodecom.com\/index.php?rest_route=%2Fwp%2Fv2%2Fcomments&post=1226"}],"version-history":[{"count":6,"href":"https:\/\/vocepodecom.com\/index.php?rest_route=\/wp\/v2\/pages\/1226\/revisions"}],"predecessor-version":[{"id":3351,"href":"https:\/\/vocepodecom.com\/index.php?rest_route=\/wp\/v2\/pages\/1226\/revisions\/3351"}],"wp:attachment":[{"href":"https:\/\/vocepodecom.com\/index.php?rest_route=%2Fwp%2Fv2%2Fmedia&parent=1226"}],"curies":[{"name":"wp","href":"https:\/\/api.w.org\/{rel}","templated":true}]}}