{"id":1227,"date":"2025-05-31T23:39:04","date_gmt":"2025-05-31T23:39:04","guid":{"rendered":"https:\/\/vocepodecom.com\/home\/"},"modified":"2026-02-17T19:08:01","modified_gmt":"2026-02-17T19:08:01","slug":"home","status":"publish","type":"page","link":"https:\/\/vocepodecom.com\/","title":{"rendered":"Home"},"content":{"rendered":"\n<div class=\"wp-block-uagb-image aligncenter uagb-block-721b5ddb wp-block-uagb-image--layout-default wp-block-uagb-image--effect-static wp-block-uagb-image--align-center\"><figure class=\"wp-block-uagb-image__figure\"><img decoding=\"async\" srcset=\"https:\/\/vocepodecom.com\/wp-content\/uploads\/2026\/01\/HOME-VOCE-PODE-2-e1767813516271.png ,https:\/\/vocepodecom.com\/wp-content\/uploads\/2026\/01\/HOME-VOCE-PODE-2-e1767813516271.png 780w, https:\/\/vocepodecom.com\/wp-content\/uploads\/2026\/01\/HOME-VOCE-PODE-2-e1767813516271.png 360w\" sizes=\"auto, (max-width: 480px) 150px\" src=\"https:\/\/vocepodecom.com\/wp-content\/uploads\/2026\/01\/HOME-VOCE-PODE-2-e1767813516271.png\" alt=\"\" class=\"uag-image-3699\" width=\"1000\" height=\"500\" title=\"HOME VOCE PODE\" loading=\"lazy\" role=\"img\"\/><\/figure><\/div>\n\n\n\n<p>Seja muito bem-vindo ou bem-vinda! Neste site, voc\u00ea encontra sugest\u00f5es pr\u00e1ticas para cuidar de sua sa\u00fade, bem-estar e energia de forma natural.<\/p>\n\n\n\n<p>Estas informa\u00e7\u00f5es s\u00e3o apresentadas porque o objetivo deste site \u00e9 mostrar a voc\u00ea produtos e servi\u00e7os para a sua satisfa\u00e7\u00e3o em tr\u00eas \u00e1reas: sa\u00fade, energia e bem-estar.<\/p>\n\n\n\n<p>O site \u00e9 novo, por isso, os itens apresentados atualmente ainda s\u00e3o poucos.<\/p>\n\n\n\n<p>E, quando se tratar de algum servi\u00e7o, seguiremos uma rigorosa pol\u00edtica de confiabilidade.<\/p>\n\n\n\n<h1 class=\"wp-block-heading\"><\/h1>\n","protected":false},"excerpt":{"rendered":"<p>Seja muito bem-vindo ou bem-vinda! Neste site, voc\u00ea encontra sugest\u00f5es pr\u00e1ticas para cuidar de sua sa\u00fade, bem-estar e energia de<\/p>\n","protected":false},"author":1,"featured_media":0,"parent":0,"menu_order":0,"comment_status":"closed","ping_status":"closed","template":"","meta":{"_uag_custom_page_level_css":"","footnotes":""},"class_list":["post-1227","page","type-page","status-publish","hentry","comments-off"],"aioseo_notices":[],"uagb_featured_image_src":{"full":false,"thumbnail":false,"medium":false,"medium_large":false,"large":false,"1536x1536":false,"2048x2048":false,"post-thumbnail":false,"donovan-list-post":false},"uagb_author_info":{"display_name":"elzirbarbosa@gmail.com","author_link":"https:\/\/vocepodecom.com\/?author=1"},"uagb_comment_info":0,"uagb_excerpt":"Seja muito bem-vindo ou bem-vinda! Neste site, voc\u00ea encontra sugest\u00f5es pr\u00e1ticas para cuidar de sua sa\u00fade, bem-estar e energia de","_links":{"self":[{"href":"https:\/\/vocepodecom.com\/index.php?rest_route=\/wp\/v2\/pages\/1227","targetHints":{"allow":["GET"]}}],"collection":[{"href":"https:\/\/vocepodecom.com\/index.php?rest_route=\/wp\/v2\/pages"}],"about":[{"href":"https:\/\/vocepodecom.com\/index.php?rest_route=\/wp\/v2\/types\/page"}],"author":[{"embeddable":true,"href":"https:\/\/vocepodecom.com\/index.php?rest_route=\/wp\/v2\/users\/1"}],"replies":[{"embeddable":true,"href":"https:\/\/vocepodecom.com\/index.php?rest_route=%2Fwp%2Fv2%2Fcomments&post=1227"}],"version-history":[{"count":29,"href":"https:\/\/vocepodecom.com\/index.php?rest_route=\/wp\/v2\/pages\/1227\/revisions"}],"predecessor-version":[{"id":3736,"href":"https:\/\/vocepodecom.com\/index.php?rest_route=\/wp\/v2\/pages\/1227\/revisions\/3736"}],"wp:attachment":[{"href":"https:\/\/vocepodecom.com\/index.php?rest_route=%2Fwp%2Fv2%2Fmedia&parent=1227"}],"curies":[{"name":"wp","href":"https:\/\/api.w.org\/{rel}","templated":true}]}}