{"id":2866,"date":"2025-06-06T12:26:31","date_gmt":"2025-06-06T12:26:31","guid":{"rendered":"https:\/\/vocepodecom.com\/?page_id=2866"},"modified":"2026-01-08T10:29:55","modified_gmt":"2026-01-08T10:29:55","slug":"terapia","status":"publish","type":"page","link":"https:\/\/vocepodecom.com\/?page_id=2866","title":{"rendered":"Terapia"},"content":{"rendered":"\n<div class=\"wp-block-uagb-image uagb-block-4b7b53b4 wp-block-uagb-image--layout-default wp-block-uagb-image--effect-static wp-block-uagb-image--align-none\"><figure class=\"wp-block-uagb-image__figure\"><img decoding=\"async\" srcset=\"https:\/\/vocepodecom.com\/wp-content\/uploads\/2026\/01\/TERAPIA-VOCE-PODE.png ,https:\/\/vocepodecom.com\/wp-content\/uploads\/2026\/01\/TERAPIA-VOCE-PODE.png 780w, https:\/\/vocepodecom.com\/wp-content\/uploads\/2026\/01\/TERAPIA-VOCE-PODE.png 360w\" sizes=\"auto, (max-width: 480px) 150px\" src=\"https:\/\/vocepodecom.com\/wp-content\/uploads\/2026\/01\/TERAPIA-VOCE-PODE.png\" alt=\"\" class=\"uag-image-3704\" width=\"1000\" height=\"500\" title=\"TERAPIA VOC\u00ca PODE\" loading=\"lazy\" role=\"img\"\/><\/figure><\/div>\n\n\n\n<p>Voc\u00ea pode conseguir uma boa sa\u00fade, tanto f\u00edsica quanto emocional, com terapias naturais e uma boa suplementa\u00e7\u00e3o. <\/p>\n\n\n\n<p>Consultas ao seu m\u00e9dico e fazer os exames anuais de rotina s\u00e3o coisas necess\u00e1rias. Al\u00e9m disso, h\u00e1 boas terapias naturais que ajudam muito e lhe d\u00e3o o suporte que precisa para lidar com as demandas di\u00e1rias.<\/p>\n\n\n\n<p>E se voc\u00ea quer superar um h\u00e1bito ruim e criar h\u00e1bitos saud\u00e1veis, conhe\u00e7a uma mentoria online que poder\u00e1 ser exatamente o que voc\u00ea precisa. Para mais informa\u00e7\u00f5es, <strong><a href=\"https:\/\/otimizes.com\/supere-habitos\/\" target=\"_blank\" rel=\"noopener\" title=\"\">clique AQUI!<\/a><\/strong><\/p>\n\n\n\n<p><\/p>\n","protected":false},"excerpt":{"rendered":"<p>Voc\u00ea pode conseguir uma boa sa\u00fade, tanto f\u00edsica quanto emocional, com terapias naturais e uma boa suplementa\u00e7\u00e3o. Consultas ao seu<\/p>\n","protected":false},"author":1,"featured_media":0,"parent":0,"menu_order":0,"comment_status":"closed","ping_status":"closed","template":"","meta":{"_uag_custom_page_level_css":"","footnotes":""},"class_list":["post-2866","page","type-page","status-publish","hentry","comments-off"],"aioseo_notices":[],"uagb_featured_image_src":{"full":false,"thumbnail":false,"medium":false,"medium_large":false,"large":false,"1536x1536":false,"2048x2048":false,"post-thumbnail":false,"donovan-list-post":false},"uagb_author_info":{"display_name":"elzirbarbosa@gmail.com","author_link":"https:\/\/vocepodecom.com\/?author=1"},"uagb_comment_info":0,"uagb_excerpt":"Voc\u00ea pode conseguir uma boa sa\u00fade, tanto f\u00edsica quanto emocional, com terapias naturais e uma boa suplementa\u00e7\u00e3o. Consultas ao seu","_links":{"self":[{"href":"https:\/\/vocepodecom.com\/index.php?rest_route=\/wp\/v2\/pages\/2866","targetHints":{"allow":["GET"]}}],"collection":[{"href":"https:\/\/vocepodecom.com\/index.php?rest_route=\/wp\/v2\/pages"}],"about":[{"href":"https:\/\/vocepodecom.com\/index.php?rest_route=\/wp\/v2\/types\/page"}],"author":[{"embeddable":true,"href":"https:\/\/vocepodecom.com\/index.php?rest_route=\/wp\/v2\/users\/1"}],"replies":[{"embeddable":true,"href":"https:\/\/vocepodecom.com\/index.php?rest_route=%2Fwp%2Fv2%2Fcomments&post=2866"}],"version-history":[{"count":6,"href":"https:\/\/vocepodecom.com\/index.php?rest_route=\/wp\/v2\/pages\/2866\/revisions"}],"predecessor-version":[{"id":3705,"href":"https:\/\/vocepodecom.com\/index.php?rest_route=\/wp\/v2\/pages\/2866\/revisions\/3705"}],"wp:attachment":[{"href":"https:\/\/vocepodecom.com\/index.php?rest_route=%2Fwp%2Fv2%2Fmedia&parent=2866"}],"curies":[{"name":"wp","href":"https:\/\/api.w.org\/{rel}","templated":true}]}}