{"id":3635,"date":"2025-10-12T17:59:18","date_gmt":"2025-10-12T17:59:18","guid":{"rendered":"https:\/\/vocepodecom.com\/?page_id=3635"},"modified":"2025-10-21T10:59:27","modified_gmt":"2025-10-21T10:59:27","slug":"saude-e-energia","status":"publish","type":"page","link":"https:\/\/vocepodecom.com\/?page_id=3635","title":{"rendered":"Sa\u00fade e Energia"},"content":{"rendered":"\n<p class=\"has-text-color has-link-color wp-elements-c58e9807454e4f1555ef523485c9bf15\" style=\"color:#333657;font-size:25px\"><strong>O Papel dos Quatro \u00d4megas de Avestruz Como Fontes de Sa\u00fade e Energia<\/strong><\/p>\n\n\n\n<p>(Para mais informa\u00e7\u00f5es e comprar, <a href=\"http:\/\/vivamaisomegas.com.br\/loja\/Elzirb57\" target=\"_blank\" rel=\"noopener\" title=\"\"><strong>clique AQUI!<\/strong><\/a>)<\/p>\n\n\n\n<p>A viva + \u00d4megas \u00e9 pioneira na produ\u00e7\u00e3o desses poderosos \u00f4megas de avestruz, tanto em c\u00e1psulas como na forma l\u00edquida.<\/p>\n\n\n\n<p>Para fazer o seu pedido, <strong><a href=\"http:\/\/vivamaisomegas.com.br\/loja\/Elzirb57\" target=\"_blank\" rel=\"noopener\" title=\"\">clique AQUI!<\/a><\/strong><\/p>\n\n\n\n<div class=\"wp-block-uagb-image uagb-block-9cc2e3c4 wp-block-uagb-image--layout-default wp-block-uagb-image--effect-static wp-block-uagb-image--align-none\"><figure class=\"wp-block-uagb-image__figure\"><img decoding=\"async\" srcset=\"https:\/\/vocepodecom.com\/wp-content\/uploads\/2025\/10\/Quatro-omegas.png ,https:\/\/vocepodecom.com\/wp-content\/uploads\/2025\/10\/Quatro-omegas.png 780w, https:\/\/vocepodecom.com\/wp-content\/uploads\/2025\/10\/Quatro-omegas.png 360w\" sizes=\"auto, (max-width: 480px) 150px\" src=\"https:\/\/vocepodecom.com\/wp-content\/uploads\/2025\/10\/Quatro-omegas.png\" alt=\"\" class=\"uag-image-3642\" width=\"1000\" height=\"400\" title=\"Quatro \u00f4megas\" loading=\"lazy\" role=\"img\"\/><\/figure><\/div>\n\n\n\n<h3 class=\"wp-block-heading\">Voc\u00ea pode ter uma sa\u00fade cada vez melhor. Para tanto, um dos aspectos que merece a sua aten\u00e7\u00e3o \u00e9 a inclus\u00e3o de bons suplementos alimentares, vitaminas e minerais.<\/h3>\n\n\n\n<p>Por exemplo, nesta p\u00e1gina apresentamos os 4 \u00f4megas de avestruz, que s\u00e3o essenciais e indispens\u00e1veis \u00e0 boa sa\u00fade, bem-estar e energia. Veja a lista abaixo:<\/p>\n\n\n\n<p><strong>\u00d4mega 3:<\/strong>&nbsp;Como se sabe, o \u00f4mega 3 tem fun\u00e7\u00e3o anti-inflamat\u00f3ria e atua na redu\u00e7\u00e3o do colesterol e triglicer\u00eddeos.<\/p>\n\n\n\n<p>Portanto, com bons motivos, o \u00f4mega 3 \u00e9 constantemente recomendado por bons profissionais de sa\u00fade.<\/p>\n\n\n\n<p><strong>\u00d4mega 6:<\/strong>&nbsp;J\u00e1 o \u00f4mega 6 ajuda no crescimento celular, no desenvolvimento do c\u00e9rebro, dos m\u00fasculos e da pele.<\/p>\n\n\n\n<p>Logo, n\u00e3o \u00e9 sem motivo que este \u00f4mega tamb\u00e9m \u00e9 muito recomendado.<\/p>\n\n\n\n<p><strong>\u00d4mega 7:<\/strong>&nbsp;Atua na regula\u00e7\u00e3o do metabolismo e equilibra o colesterol. Da\u00ed, a necessidade de incluir tamb\u00e9m este poderoso \u00f4mega como parte de sua nutri\u00e7\u00e3o di\u00e1ria.<\/p>\n\n\n\n<p><strong>\u00d4mega 9:<\/strong>&nbsp;Age na produ\u00e7\u00e3o de horm\u00f4nios sexuais e ajuda o organismo a absorver vitaminas com mais efici\u00eancia. A\u00ed est\u00e1 mais um poderoso \u00f4mega, essencial e indispens\u00e1vel \u00e0 sa\u00fade, bem-estar e energia.<\/p>\n\n\n\n<p>Esses s\u00e3o alguns dos benef\u00edcios desses poderosos \u00f4megas para a boa sa\u00fade, bem-estar e energia.<\/p>\n\n\n\n<p>Para saber mais e adquirir esses poderosos \u00f4megas de avestruz, <strong><a href=\"http:\/\/vivamaisomegas.com.br\/loja\/Elzirb57\" target=\"_blank\" rel=\"noopener\" title=\"\">clique AQUI!<\/a><\/strong><\/p>\n\n\n\n<p>E se voc\u00ea estiver interessado em uma renda extra, trabalhando a partir de casa ou de qualquer lugar onde houver conex\u00e3o de Internet, essa possibilidade lhe ser\u00e1 apresentada. <\/p>\n\n\n\n<p>Basta se cadastrar, e vamos lhe fornecendo informa\u00e7\u00f5es conforme a necessidade.<\/p>\n\n\n\n<p>Mas se tiver interesse apenas em adquirir os produtos para consumo, ser\u00e1 muito f\u00e1cil, conforme ver\u00e1 ao acessar o site pelo link indicado acima.<\/p>\n\n\n\n<p>Muito obrigado! E se achou essas informa\u00e7\u00f5es interessantes, compartilhe esta p\u00e1gina com seus familiares, amigos e em suas redes sociais.<\/p>\n\n\n\n<p><\/p>\n\n\n\n<p>Forte abra\u00e7o!<\/p>\n\n\n\n<p><\/p>\n","protected":false},"excerpt":{"rendered":"<p>O Papel dos Quatro \u00d4megas de Avestruz Como Fontes de Sa\u00fade e Energia (Para mais informa\u00e7\u00f5es e comprar, clique AQUI!)<\/p>\n","protected":false},"author":1,"featured_media":0,"parent":0,"menu_order":0,"comment_status":"closed","ping_status":"closed","template":"","meta":{"_uag_custom_page_level_css":"","footnotes":""},"class_list":["post-3635","page","type-page","status-publish","hentry","comments-off"],"aioseo_notices":[],"uagb_featured_image_src":{"full":false,"thumbnail":false,"medium":false,"medium_large":false,"large":false,"1536x1536":false,"2048x2048":false,"post-thumbnail":false,"donovan-list-post":false},"uagb_author_info":{"display_name":"elzirbarbosa@gmail.com","author_link":"https:\/\/vocepodecom.com\/?author=1"},"uagb_comment_info":0,"uagb_excerpt":"O Papel dos Quatro \u00d4megas de Avestruz Como Fontes de Sa\u00fade e Energia (Para mais informa\u00e7\u00f5es e comprar, clique AQUI!)","_links":{"self":[{"href":"https:\/\/vocepodecom.com\/index.php?rest_route=\/wp\/v2\/pages\/3635","targetHints":{"allow":["GET"]}}],"collection":[{"href":"https:\/\/vocepodecom.com\/index.php?rest_route=\/wp\/v2\/pages"}],"about":[{"href":"https:\/\/vocepodecom.com\/index.php?rest_route=\/wp\/v2\/types\/page"}],"author":[{"embeddable":true,"href":"https:\/\/vocepodecom.com\/index.php?rest_route=\/wp\/v2\/users\/1"}],"replies":[{"embeddable":true,"href":"https:\/\/vocepodecom.com\/index.php?rest_route=%2Fwp%2Fv2%2Fcomments&post=3635"}],"version-history":[{"count":16,"href":"https:\/\/vocepodecom.com\/index.php?rest_route=\/wp\/v2\/pages\/3635\/revisions"}],"predecessor-version":[{"id":3662,"href":"https:\/\/vocepodecom.com\/index.php?rest_route=\/wp\/v2\/pages\/3635\/revisions\/3662"}],"wp:attachment":[{"href":"https:\/\/vocepodecom.com\/index.php?rest_route=%2Fwp%2Fv2%2Fmedia&parent=3635"}],"curies":[{"name":"wp","href":"https:\/\/api.w.org\/{rel}","templated":true}]}}