{"id":3680,"date":"2026-01-08T12:56:52","date_gmt":"2026-01-08T12:56:52","guid":{"rendered":"https:\/\/vocepodecom.com\/?page_id=3680"},"modified":"2026-01-16T13:01:06","modified_gmt":"2026-01-16T13:01:06","slug":"avaliacao-terapeutica-online","status":"publish","type":"page","link":"https:\/\/vocepodecom.com\/?page_id=3680","title":{"rendered":"Avalia\u00e7\u00e3o online"},"content":{"rendered":"\n<p>[Se preferir, leia as informa\u00e7\u00f5es abaixo antes de clicar no link no final deste artigo ou <a href=\"https:\/\/biocodigos.com.br\/pt-BR\/avaliacao-online\/\" target=\"_blank\" rel=\"noopener\" title=\"\"><strong>CLIQUE AQUI!<\/strong><\/a>]<\/p>\n\n\n\n<figure class=\"wp-block-image size-full\"><img loading=\"lazy\" decoding=\"async\" width=\"1000\" height=\"400\" src=\"https:\/\/vocepodecom.com\/wp-content\/uploads\/2025\/12\/PAGINA-AVALIACAO.png\" alt=\"\" class=\"wp-image-3684\" srcset=\"https:\/\/vocepodecom.com\/wp-content\/uploads\/2025\/12\/PAGINA-AVALIACAO.png 1000w, https:\/\/vocepodecom.com\/wp-content\/uploads\/2025\/12\/PAGINA-AVALIACAO-300x120.png 300w, https:\/\/vocepodecom.com\/wp-content\/uploads\/2025\/12\/PAGINA-AVALIACAO-768x307.png 768w\" sizes=\"auto, (max-width: 1000px) 100vw, 1000px\" \/><\/figure>\n\n\n\n<div class=\"wp-block-group\"><div class=\"wp-block-group__inner-container is-layout-constrained wp-block-group-is-layout-constrained\">\n<p>Como \u00e9 essa avalia\u00e7\u00e3o? Fique tranquilo(a)! Nessa avalia\u00e7\u00e3o inicial gratuita online, o que voc\u00ea vai fazer \u00e9 simplesmente ticar nas op\u00e7\u00f5es que se aplicam a voc\u00ea. Depois, ainda no site, voc\u00ea escolhe um terapeuta que seguir\u00e1 ajudando voc\u00ea, tirando d\u00favidas e orientando. As reavalia\u00e7\u00f5es ou retornos ser\u00e3o conforme ficar combinado entre voc\u00ea e o terapeuta. Quais s\u00e3o algumas vantagens dessa avalia\u00e7\u00e3o gratuita online? Veja abaixo!<\/p>\n\n\n\n<p><strong>Primeira Vantagem: \u00c9 Gratuita<\/strong><\/p>\n\n\n\n<p><strong>Segunda Vantagem: Flexibilidade de Tempo<\/strong><\/p>\n\n\n\n<p><strong>Terceira Vantagem: Abrang\u00eancia<\/strong><\/p>\n\n\n\n<p>\u00c9 claro que al\u00e9m dessas tr\u00eas vantagens que vamos considerar agora, existem outras que voc\u00ea mesmo descobrir\u00e1.<\/p>\n\n\n\n<p>O que Leva em conta? Primeiro, \u00e9 gratuita. Segundo, leva em conta o seu tempo para responder a cada pergunta, porque voc\u00ea n\u00e3o estar\u00e1 diante de um profissional lhe pressionando a responder. <\/p>\n\n\n\n<p>Voc\u00ea pode refletir sobre cada op\u00e7\u00e3o em que vai ticar, para que o resultado seja real. Agora, vamos considerar cada uma dessas vantagens.<\/p>\n\n\n\n<p><\/p>\n\n\n\n<div class=\"wp-block-uagb-advanced-heading uagb-block-91697f0d\"><h2 class=\"uagb-heading-text\">Primeira Vantagem: \u00c9 Gratuita<\/h2><\/div>\n\n\n\n<figure class=\"wp-block-image size-full\"><img loading=\"lazy\" decoding=\"async\" width=\"1000\" height=\"500\" src=\"https:\/\/vocepodecom.com\/wp-content\/uploads\/2026\/01\/GRATIS.png\" alt=\"\" class=\"wp-image-3708\" srcset=\"https:\/\/vocepodecom.com\/wp-content\/uploads\/2026\/01\/GRATIS.png 1000w, https:\/\/vocepodecom.com\/wp-content\/uploads\/2026\/01\/GRATIS-300x150.png 300w, https:\/\/vocepodecom.com\/wp-content\/uploads\/2026\/01\/GRATIS-768x384.png 768w\" sizes=\"auto, (max-width: 1000px) 100vw, 1000px\" \/><\/figure>\n\n\n\n<p>O fato de ser gratuita, em si, j\u00e1 \u00e9 uma vantagem. Claro que, no final, voc\u00ea ter\u00e1 a op\u00e7\u00e3o de escolher um terapeuta para fazer um acompanhamento, marcar retornos e dar orienta\u00e7\u00f5es conforme a sua necessidade.<\/p>\n\n\n\n<p> Da\u00ed para a frente, ser\u00e1 cobrado um  valor, conforme ficar decidido entre ele e voc\u00ea. Vale muito a pena!<\/p>\n\n\n\n<p><\/p>\n\n\n\n<div class=\"wp-block-uagb-advanced-heading uagb-block-83da2368\"><h2 class=\"uagb-heading-text\">Segunda Vantagem: Flexibilidade de Tempo<\/h2><\/div>\n\n\n\n<figure class=\"wp-block-image size-full\"><img loading=\"lazy\" decoding=\"async\" width=\"1000\" height=\"500\" src=\"https:\/\/vocepodecom.com\/wp-content\/uploads\/2026\/01\/TEMPO.png\" alt=\"\" class=\"wp-image-3710\" srcset=\"https:\/\/vocepodecom.com\/wp-content\/uploads\/2026\/01\/TEMPO.png 1000w, https:\/\/vocepodecom.com\/wp-content\/uploads\/2026\/01\/TEMPO-300x150.png 300w, https:\/\/vocepodecom.com\/wp-content\/uploads\/2026\/01\/TEMPO-768x384.png 768w\" sizes=\"auto, (max-width: 1000px) 100vw, 1000px\" \/><\/figure>\n<\/div><\/div>\n\n\n\n<p>Ou seja, n\u00e3o haver\u00e1 a press\u00e3o de algu\u00e9m ali esperando a sua resposta. Voc\u00ea ter\u00e1 o tempo que julgar necess\u00e1rio para ticar nas op\u00e7\u00f5es que se aplicam a voc\u00ea. Antes de ticar, voc\u00ea dever\u00e1 responder mentalmente \u00e0 pergunta: \u00e9 isso mesmo?<\/p>\n\n\n\n<p>Por que isso \u00e9 importante? Porque quanto mais exatas as suas respostas, mais exato ser\u00e1 o resultado da avalia\u00e7\u00e3o. <\/p>\n\n\n\n<p>E, o melhor, mais pr\u00f3ximo ou pr\u00f3xima voc\u00ea estar\u00e1 do seu objetivo de alcan\u00e7ar mais sa\u00fade, bem-estar e energia. E n\u00e3o \u00e9 isso que voc\u00ea quer?<\/p>\n\n\n\n<div class=\"wp-block-uagb-advanced-heading uagb-block-3d874add\"><h2 class=\"uagb-heading-text\">Terceira Vantagem: Abrang\u00eancia<\/h2><\/div>\n\n\n\n<figure class=\"wp-block-image size-full\"><img loading=\"lazy\" decoding=\"async\" width=\"1000\" height=\"500\" src=\"https:\/\/vocepodecom.com\/wp-content\/uploads\/2026\/01\/ABRANGENCIA.png\" alt=\"\" class=\"wp-image-3712\" srcset=\"https:\/\/vocepodecom.com\/wp-content\/uploads\/2026\/01\/ABRANGENCIA.png 1000w, https:\/\/vocepodecom.com\/wp-content\/uploads\/2026\/01\/ABRANGENCIA-300x150.png 300w, https:\/\/vocepodecom.com\/wp-content\/uploads\/2026\/01\/ABRANGENCIA-768x384.png 768w\" sizes=\"auto, (max-width: 1000px) 100vw, 1000px\" \/><\/figure>\n\n\n\n<p>Imagine uma avalia\u00e7\u00e3o completa a ponto de incluir sintomas que afetam diversos sistemas do seu organismo. Por exemplo, sistema nervoso, end\u00f3crino, digest\u00f3rio, cardiorrespirat\u00f3rio e outros.<\/p>\n\n\n\n<p>Trata-se de uma avalia\u00e7\u00e3o com abrang\u00eancia tanto f\u00edsica quanto emocional, o que \u00e9 muito bom, n\u00e3o acha?<\/p>\n\n\n\n<p> Voc\u00ea ver\u00e1 que muitos dos sintomas mencionados est\u00e3o diretamente ligados a \u00f3rg\u00e3os, gl\u00e2ndulas e sistemas do corpo humano. Portanto, uma abrang\u00eancia bastante ampla.<\/p>\n\n\n\n<p>Talvez as suas perguntas agora sejam: Como acessar essa avalia\u00e7\u00e3o gratuita online? Ao clicar no link, vai abrir em um site ou p\u00e1gina segura?<\/p>\n\n\n\n<p>Posso lhe garantir que sim. Ao clicar no link a seguir, voc\u00ea abrir\u00e1 a pr\u00f3pria p\u00e1gina da avalia\u00e7\u00e3o no site da <strong>Bioc\u00f3digos<\/strong>, uma empresa de terapias integrativas da mais alta confian\u00e7a.<\/p>\n\n\n\n<p>Para acessar a p\u00e1gina da avalia\u00e7\u00e3o gratuita online, <a href=\"https:\/\/biocodigos.com.br\/pt-BR\/avaliacao-online\/\" target=\"_blank\" rel=\"noopener\" title=\"\"><strong>CLIQUE AQUI!<\/strong><\/a><\/p>\n\n\n\n<div class=\"wp-block-uagb-image uagb-block-38643f47 wp-block-uagb-image--layout-default wp-block-uagb-image--effect-static wp-block-uagb-image--align-none\"><figure class=\"wp-block-uagb-image__figure\"><\/figure><\/div>\n\n\n\n<div class=\"wp-block-uagb-image uagb-block-0abdff27 wp-block-uagb-image--layout-default wp-block-uagb-image--effect-static wp-block-uagb-image--align-none\"><figure class=\"wp-block-uagb-image__figure\"><\/figure><\/div>\n","protected":false},"excerpt":{"rendered":"<p>[Se preferir, leia as informa\u00e7\u00f5es abaixo antes de clicar no link no final deste artigo ou CLIQUE AQUI!] Como \u00e9<\/p>\n","protected":false},"author":1,"featured_media":0,"parent":0,"menu_order":0,"comment_status":"closed","ping_status":"closed","template":"","meta":{"_uag_custom_page_level_css":"","footnotes":""},"class_list":["post-3680","page","type-page","status-publish","hentry","comments-off"],"aioseo_notices":[],"uagb_featured_image_src":{"full":false,"thumbnail":false,"medium":false,"medium_large":false,"large":false,"1536x1536":false,"2048x2048":false,"post-thumbnail":false,"donovan-list-post":false},"uagb_author_info":{"display_name":"elzirbarbosa@gmail.com","author_link":"https:\/\/vocepodecom.com\/?author=1"},"uagb_comment_info":0,"uagb_excerpt":"[Se preferir, leia as informa\u00e7\u00f5es abaixo antes de clicar no link no final deste artigo ou CLIQUE AQUI!] Como \u00e9","_links":{"self":[{"href":"https:\/\/vocepodecom.com\/index.php?rest_route=\/wp\/v2\/pages\/3680","targetHints":{"allow":["GET"]}}],"collection":[{"href":"https:\/\/vocepodecom.com\/index.php?rest_route=\/wp\/v2\/pages"}],"about":[{"href":"https:\/\/vocepodecom.com\/index.php?rest_route=\/wp\/v2\/types\/page"}],"author":[{"embeddable":true,"href":"https:\/\/vocepodecom.com\/index.php?rest_route=\/wp\/v2\/users\/1"}],"replies":[{"embeddable":true,"href":"https:\/\/vocepodecom.com\/index.php?rest_route=%2Fwp%2Fv2%2Fcomments&post=3680"}],"version-history":[{"count":29,"href":"https:\/\/vocepodecom.com\/index.php?rest_route=\/wp\/v2\/pages\/3680\/revisions"}],"predecessor-version":[{"id":3732,"href":"https:\/\/vocepodecom.com\/index.php?rest_route=\/wp\/v2\/pages\/3680\/revisions\/3732"}],"wp:attachment":[{"href":"https:\/\/vocepodecom.com\/index.php?rest_route=%2Fwp%2Fv2%2Fmedia&parent=3680"}],"curies":[{"name":"wp","href":"https:\/\/api.w.org\/{rel}","templated":true}]}}